{"id":3558,"date":"2021-10-28T18:15:39","date_gmt":"2021-10-28T16:15:39","guid":{"rendered":"https:\/\/agence-iddesignmm.fr\/?post_type=product&#038;p=3558"},"modified":"2023-03-11T00:41:00","modified_gmt":"2023-03-10T23:41:00","slug":"aysraa","status":"publish","type":"product","link":"https:\/\/agence-iddesignmm.fr\/?product=aysraa","title":{"rendered":"AYSRAA"},"content":{"rendered":"<p>La collection Dark faded r\u00e9v\u00e8le la tristesse des personnages. Ses portraits expriment les sentiments et la personnalit\u00e9 des personnages.<\/p>\n","protected":false},"excerpt":{"rendered":"<p>Long sleeve blazer with lapel collar. Front welt pockets at chest and hip. Middle back vent. Front button closure.<\/p>\n","protected":false},"featured_media":3560,"comment_status":"open","ping_status":"closed","template":"","meta":{"_monsterinsights_skip_tracking":false,"_monsterinsights_sitenote_active":false,"_monsterinsights_sitenote_note":"","_monsterinsights_sitenote_category":0},"product_brand":[],"product_cat":[54],"product_tag":[51,68],"class_list":{"0":"post-3558","1":"product","2":"type-product","3":"status-publish","4":"has-post-thumbnail","6":"product_cat-women","7":"product_tag-creation-de-style","8":"product_tag-photographie","10":"first","11":"instock","12":"featured","13":"shipping-taxable","14":"purchasable","15":"product-type-variable"},"aioseo_notices":[],"_links":{"self":[{"href":"https:\/\/agence-iddesignmm.fr\/index.php?rest_route=\/wp\/v2\/product\/3558","targetHints":{"allow":["GET"]}}],"collection":[{"href":"https:\/\/agence-iddesignmm.fr\/index.php?rest_route=\/wp\/v2\/product"}],"about":[{"href":"https:\/\/agence-iddesignmm.fr\/index.php?rest_route=\/wp\/v2\/types\/product"}],"replies":[{"embeddable":true,"href":"https:\/\/agence-iddesignmm.fr\/index.php?rest_route=%2Fwp%2Fv2%2Fcomments&post=3558"}],"wp:featuredmedia":[{"embeddable":true,"href":"https:\/\/agence-iddesignmm.fr\/index.php?rest_route=\/wp\/v2\/media\/3560"}],"wp:attachment":[{"href":"https:\/\/agence-iddesignmm.fr\/index.php?rest_route=%2Fwp%2Fv2%2Fmedia&parent=3558"}],"wp:term":[{"taxonomy":"product_brand","embeddable":true,"href":"https:\/\/agence-iddesignmm.fr\/index.php?rest_route=%2Fwp%2Fv2%2Fproduct_brand&post=3558"},{"taxonomy":"product_cat","embeddable":true,"href":"https:\/\/agence-iddesignmm.fr\/index.php?rest_route=%2Fwp%2Fv2%2Fproduct_cat&post=3558"},{"taxonomy":"product_tag","embeddable":true,"href":"https:\/\/agence-iddesignmm.fr\/index.php?rest_route=%2Fwp%2Fv2%2Fproduct_tag&post=3558"}],"curies":[{"name":"wp","href":"https:\/\/api.w.org\/{rel}","templated":true}]}}