{"id":3546,"date":"2021-10-28T17:27:26","date_gmt":"2021-10-28T15:27:26","guid":{"rendered":"https:\/\/agence-iddesignmm.fr\/?post_type=product&#038;p=3546"},"modified":"2023-06-23T14:11:40","modified_gmt":"2023-06-23T12:11:40","slug":"anita","status":"publish","type":"product","link":"https:\/\/agence-iddesignmm.fr\/?product=anita","title":{"rendered":"ANITA"},"content":{"rendered":"<p>La collection Dark faded r\u00e9v\u00e8le la tristesse des personnages. Ses portraits expriment les sentiments et la personnalit\u00e9 des personnages.<\/p>\n","protected":false},"excerpt":{"rendered":"<p>Enigmatique, observatrice et souriante&#8230; <\/p>\n","protected":false},"featured_media":3548,"comment_status":"open","ping_status":"closed","template":"","meta":{"_monsterinsights_skip_tracking":false,"_monsterinsights_sitenote_active":false,"_monsterinsights_sitenote_note":"","_monsterinsights_sitenote_category":0},"product_brand":[],"product_cat":[54],"product_tag":[51,68],"class_list":{"0":"post-3546","1":"product","2":"type-product","3":"status-publish","4":"has-post-thumbnail","6":"product_cat-women","7":"product_tag-creation-de-style","8":"product_tag-photographie","10":"first","11":"instock","12":"featured","13":"shipping-taxable","14":"purchasable","15":"product-type-variable"},"aioseo_notices":[],"_links":{"self":[{"href":"https:\/\/agence-iddesignmm.fr\/index.php?rest_route=\/wp\/v2\/product\/3546","targetHints":{"allow":["GET"]}}],"collection":[{"href":"https:\/\/agence-iddesignmm.fr\/index.php?rest_route=\/wp\/v2\/product"}],"about":[{"href":"https:\/\/agence-iddesignmm.fr\/index.php?rest_route=\/wp\/v2\/types\/product"}],"replies":[{"embeddable":true,"href":"https:\/\/agence-iddesignmm.fr\/index.php?rest_route=%2Fwp%2Fv2%2Fcomments&post=3546"}],"wp:featuredmedia":[{"embeddable":true,"href":"https:\/\/agence-iddesignmm.fr\/index.php?rest_route=\/wp\/v2\/media\/3548"}],"wp:attachment":[{"href":"https:\/\/agence-iddesignmm.fr\/index.php?rest_route=%2Fwp%2Fv2%2Fmedia&parent=3546"}],"wp:term":[{"taxonomy":"product_brand","embeddable":true,"href":"https:\/\/agence-iddesignmm.fr\/index.php?rest_route=%2Fwp%2Fv2%2Fproduct_brand&post=3546"},{"taxonomy":"product_cat","embeddable":true,"href":"https:\/\/agence-iddesignmm.fr\/index.php?rest_route=%2Fwp%2Fv2%2Fproduct_cat&post=3546"},{"taxonomy":"product_tag","embeddable":true,"href":"https:\/\/agence-iddesignmm.fr\/index.php?rest_route=%2Fwp%2Fv2%2Fproduct_tag&post=3546"}],"curies":[{"name":"wp","href":"https:\/\/api.w.org\/{rel}","templated":true}]}}