{"id":3528,"date":"2021-10-28T10:25:23","date_gmt":"2021-10-28T08:25:23","guid":{"rendered":"https:\/\/agence-iddesignmm.fr\/?post_type=product&#038;p=3528"},"modified":"2023-06-23T14:03:32","modified_gmt":"2023-06-23T12:03:32","slug":"amanda-copie","status":"publish","type":"product","link":"https:\/\/agence-iddesignmm.fr\/?product=amanda-copie","title":{"rendered":"AMANDA"},"content":{"rendered":"<p>La collection Dark faded r\u00e9v\u00e8le la tristesse des personnages. Ses portraits expriment les sentiments et la personnalit\u00e9 des personnages.<\/p>\n","protected":false},"excerpt":{"rendered":"<p>Amanda est \u00e9l\u00e9gante et sensuelle, elle a du caract\u00e8re. <\/p>\n","protected":false},"featured_media":3530,"comment_status":"open","ping_status":"closed","template":"","meta":{"_monsterinsights_skip_tracking":false,"_monsterinsights_sitenote_active":false,"_monsterinsights_sitenote_note":"","_monsterinsights_sitenote_category":0},"product_brand":[],"product_cat":[54],"product_tag":[51,68],"class_list":{"0":"post-3528","1":"product","2":"type-product","3":"status-publish","4":"has-post-thumbnail","6":"product_cat-women","7":"product_tag-creation-de-style","8":"product_tag-photographie","10":"first","11":"instock","12":"featured","13":"shipping-taxable","14":"purchasable","15":"product-type-variable"},"aioseo_notices":[],"_links":{"self":[{"href":"https:\/\/agence-iddesignmm.fr\/index.php?rest_route=\/wp\/v2\/product\/3528","targetHints":{"allow":["GET"]}}],"collection":[{"href":"https:\/\/agence-iddesignmm.fr\/index.php?rest_route=\/wp\/v2\/product"}],"about":[{"href":"https:\/\/agence-iddesignmm.fr\/index.php?rest_route=\/wp\/v2\/types\/product"}],"replies":[{"embeddable":true,"href":"https:\/\/agence-iddesignmm.fr\/index.php?rest_route=%2Fwp%2Fv2%2Fcomments&post=3528"}],"wp:featuredmedia":[{"embeddable":true,"href":"https:\/\/agence-iddesignmm.fr\/index.php?rest_route=\/wp\/v2\/media\/3530"}],"wp:attachment":[{"href":"https:\/\/agence-iddesignmm.fr\/index.php?rest_route=%2Fwp%2Fv2%2Fmedia&parent=3528"}],"wp:term":[{"taxonomy":"product_brand","embeddable":true,"href":"https:\/\/agence-iddesignmm.fr\/index.php?rest_route=%2Fwp%2Fv2%2Fproduct_brand&post=3528"},{"taxonomy":"product_cat","embeddable":true,"href":"https:\/\/agence-iddesignmm.fr\/index.php?rest_route=%2Fwp%2Fv2%2Fproduct_cat&post=3528"},{"taxonomy":"product_tag","embeddable":true,"href":"https:\/\/agence-iddesignmm.fr\/index.php?rest_route=%2Fwp%2Fv2%2Fproduct_tag&post=3528"}],"curies":[{"name":"wp","href":"https:\/\/api.w.org\/{rel}","templated":true}]}}