{"id":3305,"date":"2020-01-17T18:13:38","date_gmt":"2020-01-17T18:13:38","guid":{"rendered":"https:\/\/goya.everthemes.com\/demo-basic\/?page_id=3305"},"modified":"2022-07-30T00:57:37","modified_gmt":"2022-07-29T22:57:37","slug":"about-2","status":"publish","type":"page","link":"https:\/\/agence-iddesignmm.fr\/?page_id=3305","title":{"rendered":"A propos"},"content":{"rendered":"[vc_row et_full_width=&#8221;true&#8221; et_row_padding=&#8221;true&#8221; et_column_align=&#8221;align-center&#8221; parallax=&#8221;content-moving&#8221;][vc_column et_column_color=&#8221;et-light-column&#8221;]\r\n\t\t<div class=\"et-banner-69dcb57dcc97c et-banner content-full  height_70 image-type-css text-color-light hover-effect hover-zoom \"><div class=\"et-banner-image vh-height\" role=\"img\" aria-label=\"admin-ajax 10\" data-image=\"https:\/\/agence-iddesignmm.fr\/wp-content\/uploads\/2022\/07\/admin-ajax-10.png\" style=\"background-image: url(https:\/\/agence-iddesignmm.fr\/wp-content\/uploads\/2022\/07\/admin-ajax-10.png);\"><\/div>\r\n\t\t\t<div class=\"et-banner-content\">\r\n\t\t\t\t<div class=\"et-banner-content-inner container\">\r\n\t\t\t\t\t<div class=\"et-banner-text h_center v_center align_center\">\r\n\t\t\t\t\t\t<div class=\"et-banner-text-inner animated\" data-animate=\"et-fadeInUp\"><h2 class=\"et-banner-title color- xlarge\">A Propos<\/h2><h4 class=\"et-banner-subtitle  color- text_style\">Agence IDDESIGN<\/h4><div class=\"et-banner-paragraph\">Agence de Graphisme qui vous accompagne dans le d\u00e9veloppement et dans le renforcement de votre image de marque.<\/div><\/div>\r\n\t\t\t\t\t<\/div>\r\n\t\t\t\t<\/div>\r\n\t\t\t<\/div>\r\n\t\t<\/div>[\/vc_column][\/vc_row][vc_row et_column_align=&#8221;align-center&#8221; css=&#8221;.vc_custom_1579121915525{padding-top: 60px !important;padding-bottom: 40px !important;}&#8221;][vc_column animation=&#8221;animation bottom-to-top&#8221; offset=&#8221;vc_col-lg-8&#8243;][vc_row_inner et_column_align=&#8221;align-center&#8221;][vc_column_inner][vc_column_text]\n<h2>Agence IDDESIGN<\/h2>\n[\/vc_column_text][vc_column_text]Nous analysons vos besoins pour cr\u00e9er des identit\u00e9s visuelles impactantes et r\u00e9aliser des cr\u00e9ations publicitaires qui vous ressemblent.<\/p>\n<p>IDDESIGN vous accompagne dans le d\u00e9veloppement et le renforcement de votre image de marque. Nous donnons de l&#8217;\u00e9lan \u00e0 vos id\u00e9es et nous vous accompagnons dans l&#8217;\u00e9laboration de la meilleure strat\u00e9gie.<\/p>\n<p>Nous tissons des liens solides avec le client pour faire la diff\u00e9rence sur la concurrence. Devenir notre client, c&#8217;est devenir notre partenaire. Ensemble faisons de vos projets un succ\u00e8s.[\/vc_column_text][\/vc_column_inner][\/vc_row_inner][vc_row_inner et_column_align=&#8221;align-center&#8221;][vc_column_inner width=&#8221;1\/3&#8243;][vc_column_text]<strong>Cr\u00e9ation Graphique<\/strong>[\/vc_column_text][\/vc_column_inner][vc_column_inner width=&#8221;2\/3&#8243;][vc_column_text][\/vc_column_text][\/vc_column_inner][\/vc_row_inner][vc_row_inner et_column_align=&#8221;align-center&#8221;][vc_column_inner width=&#8221;1\/3&#8243;][vc_column_text]<strong>Communication<\/strong>[\/vc_column_text][\/vc_column_inner][vc_column_inner width=&#8221;2\/3&#8243;][vc_column_text][\/vc_column_text][\/vc_column_inner][\/vc_row_inner][vc_row_inner et_column_align=&#8221;align-center&#8221;][vc_column_inner width=&#8221;1\/3&#8243;][vc_column_text]<strong>Vente de visuels<\/strong>[\/vc_column_text][\/vc_column_inner][vc_column_inner width=&#8221;2\/3&#8243;][vc_column_text][\/vc_column_text][\/vc_column_inner][\/vc_row_inner][\/vc_column][\/vc_row][vc_row et_column_align=&#8221;align-center&#8221; css=&#8221;.vc_custom_1579121928936{padding-top: 60px !important;padding-bottom: 60px !important;}&#8221;][vc_column offset=&#8221;vc_col-lg-8&#8243;][vc_column_text]\n<h2>Equipe de Direction<\/h2>\n[\/vc_column_text][vc_column_text]L &#8216; EQUIPE IDDESIGNMM\u00a0\u00a0exprime ses talents individuels au sein de l&#8217;entreprise, dans un esprit de partage et de co-cr\u00e9ation.[\/vc_column_text][vc_row_inner][vc_column_inner width=&#8221;1\/3&#8243;]  <div class=\"et-team-member animation bottom-to-top\">\n  \t<div class=\"et-team-member-image default\">\n\t  \t<figure style=\"background-image:url('https:\/\/agence-iddesignmm.fr\/wp-content\/uploads\/2021\/12\/pexels-anna-shvets-986x1024.png')\">\n\t\t \t\t<div class=\"overlay\">\n\t\t\t\t\t<div class=\"et-member-social\">\n\t\t\t\t\t\t\t\t\t\t\t\t\t<a href=\"#\" class=\"facebook\" target=\"_blank\"><span class=\"et-icon et-facebook\"><\/span><\/a>\n\t\t\t\t\t\t\t\t\t\t\t\t\t\t\t\t\t\t\t<a href=\"#\" class=\"twitter\" target=\"_blank\"><span class=\"et-icon et-twitter\"><\/span><\/a>\n\t\t\t\t\t\t\t\t\t\t\t\t\t\t\t\t\t\t\t<a href=\"#\" class=\"pinterest\" target=\"_blank\"><span class=\"et-icon et-pinterest\"><\/span><\/a>\n\t\t\t\t\t\t\t\t\t\t\t\t\t\t\t\t\t\t\t\t\t\t\t\t\t\t\t\t\t<\/div>\n\t\t\t\t<\/div>\n\t  \t<\/figure>\n\t\t<\/div>\n\t\t<div class=\"et-member-information\">\n\t\t\t\t\t\t\t<h5>Moukounou Jo\u00eblle<\/h5>\n\t\t\t\t  \t\t  \t\t<p>Directrice Artistique<\/p>\n\t  \t  \t<\/div>\n\t<\/div>\n  [\/vc_column_inner][vc_column_inner width=&#8221;1\/3&#8243;]  <div class=\"et-team-member animation bottom-to-top\">\n  \t<div class=\"et-team-member-image default\">\n\t  \t<figure style=\"background-image:url('https:\/\/agence-iddesignmm.fr\/wp-content\/uploads\/2021\/12\/pexels-jamiesx-1024x993.jpg')\">\n\t\t \t\t<div class=\"overlay\">\n\t\t\t\t\t<div class=\"et-member-social\">\n\t\t\t\t\t\t\t\t\t\t\t\t\t<a href=\"#\" class=\"facebook\" target=\"_blank\"><span class=\"et-icon et-facebook\"><\/span><\/a>\n\t\t\t\t\t\t\t\t\t\t\t\t\t\t\t\t\t\t\t<a href=\"#\" class=\"twitter\" target=\"_blank\"><span class=\"et-icon et-twitter\"><\/span><\/a>\n\t\t\t\t\t\t\t\t\t\t\t\t\t\t\t\t\t\t\t<a href=\"#\" class=\"pinterest\" target=\"_blank\"><span class=\"et-icon et-pinterest\"><\/span><\/a>\n\t\t\t\t\t\t\t\t\t\t\t\t\t\t\t\t\t\t\t\t\t\t\t\t\t\t\t\t\t<\/div>\n\t\t\t\t<\/div>\n\t  \t<\/figure>\n\t\t<\/div>\n\t\t<div class=\"et-member-information\">\n\t\t\t\t\t\t\t<h5>Kouassi Louane<\/h5>\n\t\t\t\t  \t\t  \t\t<p>Directrice Marketing<\/p>\n\t  \t  \t<\/div>\n\t<\/div>\n  [\/vc_column_inner][vc_column_inner width=&#8221;1\/3&#8243;]  <div class=\"et-team-member animation bottom-to-top\">\n  \t<div class=\"et-team-member-image default\">\n\t  \t<figure style=\"background-image:url('https:\/\/agence-iddesignmm.fr\/wp-content\/uploads\/2021\/12\/pexels-andrea-piacquadio-1006x1024.jpg')\">\n\t\t \t\t<div class=\"overlay\">\n\t\t\t\t\t<div class=\"et-member-social\">\n\t\t\t\t\t\t\t\t\t\t\t\t\t<a href=\"#\" class=\"facebook\" target=\"_blank\"><span class=\"et-icon et-facebook\"><\/span><\/a>\n\t\t\t\t\t\t\t\t\t\t\t\t\t\t\t\t\t\t\t<a href=\"#\" class=\"twitter\" target=\"_blank\"><span class=\"et-icon et-twitter\"><\/span><\/a>\n\t\t\t\t\t\t\t\t\t\t\t\t\t\t\t\t\t\t\t<a href=\"#\" class=\"pinterest\" target=\"_blank\"><span class=\"et-icon et-pinterest\"><\/span><\/a>\n\t\t\t\t\t\t\t\t\t\t\t\t\t\t\t\t\t\t\t\t\t\t\t\t\t\t\t\t\t<\/div>\n\t\t\t\t<\/div>\n\t  \t<\/figure>\n\t\t<\/div>\n\t\t<div class=\"et-member-information\">\n\t\t\t\t\t\t\t<h5>Duponchelle Louise<\/h5>\n\t\t\t\t  \t\t  \t\t<p>Directrice de l&#039;Agence<\/p>\n\t  \t  \t<\/div>\n\t<\/div>\n  [\/vc_column_inner][\/vc_row_inner][\/vc_column][\/vc_row]\n","protected":false},"excerpt":{"rendered":"<p>[vc_row et_full_width=&#8221;true&#8221; et_row_padding=&#8221;true&#8221; et_column_align=&#8221;align-center&#8221; parallax=&#8221;content-moving&#8221;][vc_column et_column_color=&#8221;et-light-column&#8221;][\/vc_column][\/vc_row][vc_row et_column_align=&#8221;align-center&#8221; css=&#8221;.vc_custom_1579121915525{padding-top: 60px !important;padding-bottom: 40px !important;}&#8221;][vc_column animation=&#8221;animation bottom-to-top&#8221; offset=&#8221;vc_col-lg-8&#8243;][vc_row_inner et_column_align=&#8221;align-center&#8221;][vc_column_inner][vc_column_text] Agence IDDESIGN [\/vc_column_text][vc_column_text]Nous analysons vos besoins pour cr\u00e9er des identit\u00e9s visuelles impactantes et r\u00e9aliser des cr\u00e9ations publicitaires qui vous ressemblent. IDDESIGN vous accompagne dans le d\u00e9veloppement et le renforcement de votre image de marque.&hellip;<\/p>\n","protected":false},"author":1,"featured_media":0,"parent":0,"menu_order":0,"comment_status":"closed","ping_status":"closed","template":"","meta":{"_monsterinsights_skip_tracking":false,"_monsterinsights_sitenote_active":false,"_monsterinsights_sitenote_note":"","_monsterinsights_sitenote_category":0,"footnotes":""},"class_list":["post-3305","page","type-page","status-publish","hentry"],"aioseo_notices":[],"_links":{"self":[{"href":"https:\/\/agence-iddesignmm.fr\/index.php?rest_route=\/wp\/v2\/pages\/3305","targetHints":{"allow":["GET"]}}],"collection":[{"href":"https:\/\/agence-iddesignmm.fr\/index.php?rest_route=\/wp\/v2\/pages"}],"about":[{"href":"https:\/\/agence-iddesignmm.fr\/index.php?rest_route=\/wp\/v2\/types\/page"}],"author":[{"embeddable":true,"href":"https:\/\/agence-iddesignmm.fr\/index.php?rest_route=\/wp\/v2\/users\/1"}],"replies":[{"embeddable":true,"href":"https:\/\/agence-iddesignmm.fr\/index.php?rest_route=%2Fwp%2Fv2%2Fcomments&post=3305"}],"version-history":[{"count":24,"href":"https:\/\/agence-iddesignmm.fr\/index.php?rest_route=\/wp\/v2\/pages\/3305\/revisions"}],"predecessor-version":[{"id":4010,"href":"https:\/\/agence-iddesignmm.fr\/index.php?rest_route=\/wp\/v2\/pages\/3305\/revisions\/4010"}],"wp:attachment":[{"href":"https:\/\/agence-iddesignmm.fr\/index.php?rest_route=%2Fwp%2Fv2%2Fmedia&parent=3305"}],"curies":[{"name":"wp","href":"https:\/\/api.w.org\/{rel}","templated":true}]}}